{"id":45,"date":"2021-10-21T11:59:01","date_gmt":"2021-10-21T11:59:01","guid":{"rendered":"http:\/\/www.pipishop.cz\/?page_id=45"},"modified":"2021-11-04T14:34:53","modified_gmt":"2021-11-04T14:34:53","slug":"klasicke-gumicky","status":"publish","type":"page","link":"https:\/\/www.pipishop.cz\/index.php\/klasicke-gumicky\/","title":{"rendered":"Klasick\u00e9 gumi\u010dky"},"content":{"rendered":"\n<p class=\"has-text-align-center\">M\u00e1te r\u00e1dy perfektn\u011b upraven\u00e9 vlasy, ale neust\u00e1le ztr\u00e1c\u00edte gumi\u010dku? S na\u0161\u00ed<a href=\"https:\/\/www.pipishop.cz\/index.php\/kategorie-produktu\/klasicke-gumicky\/\"><strong> <span style=\"color:#a30003\" class=\"has-inline-color\">klasickou gumi\u010dkou<\/span><\/strong><\/a> se V\u00e1m to nestane, jejich neot\u0159el\u00fd design a barevn\u00e9 proveden\u00ed V\u00e1m ve Va\u0161ich vlasech bude chyb\u011bt.<\/p>\n\n\n\n<p class=\"has-text-align-center\"><strong>Perfektn\u011b dr\u017e\u00ed a nevytrh\u00e1vaj\u00ed vlasy<\/strong>. <br>Nezbytn\u00e1 pom\u016fcka pro snadn\u00e9 a pohodln\u00e9 sta\u017een\u00ed vlas\u016f do cul\u00edku \u010di cop\u00e1nku.<\/p>\n\n\n\n<figure class=\"wp-block-image size-large\"><img fetchpriority=\"high\" decoding=\"async\" width=\"1024\" height=\"485\" src=\"https:\/\/www.pipishop.cz\/wp-content\/uploads\/2021\/10\/20211021_134742-2-1024x485.jpg\" alt=\"\" class=\"wp-image-42\" srcset=\"https:\/\/www.pipishop.cz\/wp-content\/uploads\/2021\/10\/20211021_134742-2-1024x485.jpg 1024w, https:\/\/www.pipishop.cz\/wp-content\/uploads\/2021\/10\/20211021_134742-2-scaled-416x197.jpg 416w, https:\/\/www.pipishop.cz\/wp-content\/uploads\/2021\/10\/20211021_134742-2-300x142.jpg 300w, https:\/\/www.pipishop.cz\/wp-content\/uploads\/2021\/10\/20211021_134742-2-768x363.jpg 768w, https:\/\/www.pipishop.cz\/wp-content\/uploads\/2021\/10\/20211021_134742-2-1536x727.jpg 1536w, https:\/\/www.pipishop.cz\/wp-content\/uploads\/2021\/10\/20211021_134742-2-2048x969.jpg 2048w, https:\/\/www.pipishop.cz\/wp-content\/uploads\/2021\/10\/20211021_134742-2-606x287.jpg 606w\" sizes=\"(max-width: 1024px) 100vw, 1024px\" \/><\/figure>\n","protected":false},"excerpt":{"rendered":"<p>M\u00e1te r\u00e1dy perfektn\u011b upraven\u00e9 vlasy, ale neust\u00e1le ztr\u00e1c\u00edte gumi\u010dku? S na\u0161\u00ed klasickou gumi\u010dkou se V\u00e1m to nestane, jejich neot\u0159el\u00fd design a barevn\u00e9 proveden\u00ed V\u00e1m ve Va\u0161ich vlasech bude chyb\u011bt. Perfektn\u011b dr\u017e\u00ed a nevytrh\u00e1vaj\u00ed vlasy. Nezbytn\u00e1 pom\u016fcka pro snadn\u00e9 a pohodln\u00e9 sta\u017een\u00ed vlas\u016f do cul\u00edku \u010di cop\u00e1nku.<\/p>\n","protected":false},"author":1,"featured_media":0,"parent":0,"menu_order":0,"comment_status":"closed","ping_status":"closed","template":"","meta":{"footnotes":""},"yoast_head":"<!-- This site is optimized with the Yoast SEO plugin v21.5 - https:\/\/yoast.com\/wordpress\/plugins\/seo\/ -->\n<title>Klasick\u00e9 gumi\u010dky Pipishop - www.pipishop.cz<\/title>\n<meta name=\"description\" content=\"Pipishop - prodejna s gumi\u010dkami, kter\u00e9 rozz\u00e1\u0159\u00ed V\u00e1\u0161 outfit. V nab\u00eddce jsou gumi\u010dky sat\u00e9nov\u00e9, hebou\u010dk\u00e9 \u010di ze 100% bavlny.\" \/>\n<meta name=\"robots\" content=\"index, follow, max-snippet:-1, max-image-preview:large, max-video-preview:-1\" \/>\n<link rel=\"canonical\" href=\"https:\/\/www.pipishop.cz\/index.php\/klasicke-gumicky\/\" \/>\n<meta property=\"og:locale\" content=\"cs_CZ\" \/>\n<meta property=\"og:type\" content=\"article\" \/>\n<meta property=\"og:title\" content=\"Klasick\u00e9 gumi\u010dky Pipishop - www.pipishop.cz\" \/>\n<meta property=\"og:description\" content=\"Pipishop - prodejna s gumi\u010dkami, kter\u00e9 rozz\u00e1\u0159\u00ed V\u00e1\u0161 outfit. V nab\u00eddce jsou gumi\u010dky sat\u00e9nov\u00e9, hebou\u010dk\u00e9 \u010di ze 100% bavlny.\" \/>\n<meta property=\"og:url\" content=\"https:\/\/www.pipishop.cz\/index.php\/klasicke-gumicky\/\" \/>\n<meta property=\"og:site_name\" content=\"Pipishop\" \/>\n<meta property=\"article:modified_time\" content=\"2021-11-04T14:34:53+00:00\" \/>\n<meta property=\"og:image\" content=\"http:\/\/www.pipishop.cz\/wp-content\/uploads\/2021\/10\/20211021_134742-2-1024x485.jpg\" \/>\n<meta name=\"twitter:card\" content=\"summary_large_image\" \/>\n<meta name=\"twitter:label1\" content=\"Odhadovan\u00e1 doba \u010dten\u00ed\" \/>\n\t<meta name=\"twitter:data1\" content=\"1 minuta\" \/>\n<script type=\"application\/ld+json\" class=\"yoast-schema-graph\">{\"@context\":\"https:\/\/schema.org\",\"@graph\":[{\"@type\":\"WebPage\",\"@id\":\"https:\/\/www.pipishop.cz\/index.php\/klasicke-gumicky\/\",\"url\":\"https:\/\/www.pipishop.cz\/index.php\/klasicke-gumicky\/\",\"name\":\"Klasick\u00e9 gumi\u010dky Pipishop - www.pipishop.cz\",\"isPartOf\":{\"@id\":\"https:\/\/www.pipishop.cz\/#website\"},\"datePublished\":\"2021-10-21T11:59:01+00:00\",\"dateModified\":\"2021-11-04T14:34:53+00:00\",\"description\":\"Pipishop - prodejna s gumi\u010dkami, kter\u00e9 rozz\u00e1\u0159\u00ed V\u00e1\u0161 outfit. V nab\u00eddce jsou gumi\u010dky sat\u00e9nov\u00e9, hebou\u010dk\u00e9 \u010di ze 100% bavlny.\",\"breadcrumb\":{\"@id\":\"https:\/\/www.pipishop.cz\/index.php\/klasicke-gumicky\/#breadcrumb\"},\"inLanguage\":\"cs\",\"potentialAction\":[{\"@type\":\"ReadAction\",\"target\":[\"https:\/\/www.pipishop.cz\/index.php\/klasicke-gumicky\/\"]}]},{\"@type\":\"BreadcrumbList\",\"@id\":\"https:\/\/www.pipishop.cz\/index.php\/klasicke-gumicky\/#breadcrumb\",\"itemListElement\":[{\"@type\":\"ListItem\",\"position\":1,\"name\":\"Dom\u016f\",\"item\":\"https:\/\/www.pipishop.cz\/\"},{\"@type\":\"ListItem\",\"position\":2,\"name\":\"Klasick\u00e9 gumi\u010dky\"}]},{\"@type\":\"WebSite\",\"@id\":\"https:\/\/www.pipishop.cz\/#website\",\"url\":\"https:\/\/www.pipishop.cz\/\",\"name\":\"Pipishop\",\"description\":\"Prodej gumi\u010dek do vlas\u016f a jin\u00fdch u\u0161it\u00fdch dopl\u0148k\u016f\",\"publisher\":{\"@id\":\"https:\/\/www.pipishop.cz\/#organization\"},\"potentialAction\":[{\"@type\":\"SearchAction\",\"target\":{\"@type\":\"EntryPoint\",\"urlTemplate\":\"https:\/\/www.pipishop.cz\/?s={search_term_string}\"},\"query-input\":\"required name=search_term_string\"}],\"inLanguage\":\"cs\"},{\"@type\":\"Organization\",\"@id\":\"https:\/\/www.pipishop.cz\/#organization\",\"name\":\"Pipishop\",\"url\":\"https:\/\/www.pipishop.cz\/\",\"logo\":{\"@type\":\"ImageObject\",\"inLanguage\":\"cs\",\"@id\":\"https:\/\/www.pipishop.cz\/#\/schema\/logo\/image\/\",\"url\":\"https:\/\/www.pipishop.cz\/wp-content\/uploads\/2021\/10\/cropped-cropped-pipi-logo-s-panenkou.png\",\"contentUrl\":\"https:\/\/www.pipishop.cz\/wp-content\/uploads\/2021\/10\/cropped-cropped-pipi-logo-s-panenkou.png\",\"width\":259,\"height\":259,\"caption\":\"Pipishop\"},\"image\":{\"@id\":\"https:\/\/www.pipishop.cz\/#\/schema\/logo\/image\/\"}}]}<\/script>\n<!-- \/ Yoast SEO plugin. -->","yoast_head_json":{"title":"Klasick\u00e9 gumi\u010dky Pipishop - www.pipishop.cz","description":"Pipishop - prodejna s gumi\u010dkami, kter\u00e9 rozz\u00e1\u0159\u00ed V\u00e1\u0161 outfit. V nab\u00eddce jsou gumi\u010dky sat\u00e9nov\u00e9, hebou\u010dk\u00e9 \u010di ze 100% bavlny.","robots":{"index":"index","follow":"follow","max-snippet":"max-snippet:-1","max-image-preview":"max-image-preview:large","max-video-preview":"max-video-preview:-1"},"canonical":"https:\/\/www.pipishop.cz\/index.php\/klasicke-gumicky\/","og_locale":"cs_CZ","og_type":"article","og_title":"Klasick\u00e9 gumi\u010dky Pipishop - www.pipishop.cz","og_description":"Pipishop - prodejna s gumi\u010dkami, kter\u00e9 rozz\u00e1\u0159\u00ed V\u00e1\u0161 outfit. V nab\u00eddce jsou gumi\u010dky sat\u00e9nov\u00e9, hebou\u010dk\u00e9 \u010di ze 100% bavlny.","og_url":"https:\/\/www.pipishop.cz\/index.php\/klasicke-gumicky\/","og_site_name":"Pipishop","article_modified_time":"2021-11-04T14:34:53+00:00","og_image":[{"url":"http:\/\/www.pipishop.cz\/wp-content\/uploads\/2021\/10\/20211021_134742-2-1024x485.jpg"}],"twitter_card":"summary_large_image","twitter_misc":{"Odhadovan\u00e1 doba \u010dten\u00ed":"1 minuta"},"schema":{"@context":"https:\/\/schema.org","@graph":[{"@type":"WebPage","@id":"https:\/\/www.pipishop.cz\/index.php\/klasicke-gumicky\/","url":"https:\/\/www.pipishop.cz\/index.php\/klasicke-gumicky\/","name":"Klasick\u00e9 gumi\u010dky Pipishop - www.pipishop.cz","isPartOf":{"@id":"https:\/\/www.pipishop.cz\/#website"},"datePublished":"2021-10-21T11:59:01+00:00","dateModified":"2021-11-04T14:34:53+00:00","description":"Pipishop - prodejna s gumi\u010dkami, kter\u00e9 rozz\u00e1\u0159\u00ed V\u00e1\u0161 outfit. V nab\u00eddce jsou gumi\u010dky sat\u00e9nov\u00e9, hebou\u010dk\u00e9 \u010di ze 100% bavlny.","breadcrumb":{"@id":"https:\/\/www.pipishop.cz\/index.php\/klasicke-gumicky\/#breadcrumb"},"inLanguage":"cs","potentialAction":[{"@type":"ReadAction","target":["https:\/\/www.pipishop.cz\/index.php\/klasicke-gumicky\/"]}]},{"@type":"BreadcrumbList","@id":"https:\/\/www.pipishop.cz\/index.php\/klasicke-gumicky\/#breadcrumb","itemListElement":[{"@type":"ListItem","position":1,"name":"Dom\u016f","item":"https:\/\/www.pipishop.cz\/"},{"@type":"ListItem","position":2,"name":"Klasick\u00e9 gumi\u010dky"}]},{"@type":"WebSite","@id":"https:\/\/www.pipishop.cz\/#website","url":"https:\/\/www.pipishop.cz\/","name":"Pipishop","description":"Prodej gumi\u010dek do vlas\u016f a jin\u00fdch u\u0161it\u00fdch dopl\u0148k\u016f","publisher":{"@id":"https:\/\/www.pipishop.cz\/#organization"},"potentialAction":[{"@type":"SearchAction","target":{"@type":"EntryPoint","urlTemplate":"https:\/\/www.pipishop.cz\/?s={search_term_string}"},"query-input":"required name=search_term_string"}],"inLanguage":"cs"},{"@type":"Organization","@id":"https:\/\/www.pipishop.cz\/#organization","name":"Pipishop","url":"https:\/\/www.pipishop.cz\/","logo":{"@type":"ImageObject","inLanguage":"cs","@id":"https:\/\/www.pipishop.cz\/#\/schema\/logo\/image\/","url":"https:\/\/www.pipishop.cz\/wp-content\/uploads\/2021\/10\/cropped-cropped-pipi-logo-s-panenkou.png","contentUrl":"https:\/\/www.pipishop.cz\/wp-content\/uploads\/2021\/10\/cropped-cropped-pipi-logo-s-panenkou.png","width":259,"height":259,"caption":"Pipishop"},"image":{"@id":"https:\/\/www.pipishop.cz\/#\/schema\/logo\/image\/"}}]}},"jetpack_sharing_enabled":true,"_links":{"self":[{"href":"https:\/\/www.pipishop.cz\/index.php\/wp-json\/wp\/v2\/pages\/45"}],"collection":[{"href":"https:\/\/www.pipishop.cz\/index.php\/wp-json\/wp\/v2\/pages"}],"about":[{"href":"https:\/\/www.pipishop.cz\/index.php\/wp-json\/wp\/v2\/types\/page"}],"author":[{"embeddable":true,"href":"https:\/\/www.pipishop.cz\/index.php\/wp-json\/wp\/v2\/users\/1"}],"replies":[{"embeddable":true,"href":"https:\/\/www.pipishop.cz\/index.php\/wp-json\/wp\/v2\/comments?post=45"}],"version-history":[{"count":4,"href":"https:\/\/www.pipishop.cz\/index.php\/wp-json\/wp\/v2\/pages\/45\/revisions"}],"predecessor-version":[{"id":304,"href":"https:\/\/www.pipishop.cz\/index.php\/wp-json\/wp\/v2\/pages\/45\/revisions\/304"}],"wp:attachment":[{"href":"https:\/\/www.pipishop.cz\/index.php\/wp-json\/wp\/v2\/media?parent=45"}],"curies":[{"name":"wp","href":"https:\/\/api.w.org\/{rel}","templated":true}]}}