{"id":47,"date":"2021-10-21T11:59:50","date_gmt":"2021-10-21T11:59:50","guid":{"rendered":"http:\/\/www.pipishop.cz\/?page_id=47"},"modified":"2021-11-04T14:32:04","modified_gmt":"2021-11-04T14:32:04","slug":"xxl-gumicky","status":"publish","type":"page","link":"https:\/\/www.pipishop.cz\/index.php\/xxl-gumicky\/","title":{"rendered":"XXL gumi\u010dky"},"content":{"rendered":"\n<p class=\"has-text-align-center\"><a href=\"https:\/\/www.pipishop.cz\/index.php\/kategorie-produktu\/xxl-gumicky\/\"><span style=\"color:#a30009\" class=\"has-inline-color\"><strong>XXL gumi\u010dka<\/strong><\/span><\/a> nen\u00ed u\u017e jen oby\u010dejnou gumi\u010dkou, ale tak\u00e9 m\u00f3dn\u00edm dopl\u0148kem. D\u00edky n\u00ed slad\u00edte sv\u00e9 vl\u00e1sky ke sv\u00e9mu outfitu.<br>Tvo\u0159te cul\u00edky a drdoly stylov\u011b. I tak rychl\u00fd a jednoduch\u00fd \u00fa\u010des nemus\u00ed b\u00fdt p\u0159ece oby\u010dejn\u00fdm!<\/p>\n\n\n\n<p class=\"has-text-align-center\">Vyberte si z mnoha odst\u00edn\u016f a vzor\u016f tu, kter\u00e1 v\u00e1s bude zdobit na ka\u017ed\u00e9m kroku.&nbsp;<\/p>\n\n\n\n<p class=\"has-text-align-center\"><strong>Perfektn\u011b dr\u017e\u00ed a nevytrh\u00e1vaj\u00ed vlasy<\/strong>. <br>Nezbytn\u00e1 pom\u016fcka pro snadn\u00e9 a pohodln\u00e9 sta\u017een\u00ed vlas\u016f do cul\u00edku.<\/p>\n\n\n\n<figure class=\"wp-block-image size-large\"><img fetchpriority=\"high\" decoding=\"async\" width=\"1024\" height=\"484\" src=\"https:\/\/www.pipishop.cz\/wp-content\/uploads\/2021\/10\/cropped-20211021_120025-1-scaled-1-1024x484.jpg\" alt=\"\" class=\"wp-image-84\" srcset=\"https:\/\/www.pipishop.cz\/wp-content\/uploads\/2021\/10\/cropped-20211021_120025-1-scaled-1-1024x484.jpg 1024w, https:\/\/www.pipishop.cz\/wp-content\/uploads\/2021\/10\/cropped-20211021_120025-1-scaled-1-416x196.jpg 416w, https:\/\/www.pipishop.cz\/wp-content\/uploads\/2021\/10\/cropped-20211021_120025-1-scaled-1-300x142.jpg 300w, https:\/\/www.pipishop.cz\/wp-content\/uploads\/2021\/10\/cropped-20211021_120025-1-scaled-1-768x363.jpg 768w, https:\/\/www.pipishop.cz\/wp-content\/uploads\/2021\/10\/cropped-20211021_120025-1-scaled-1-1536x725.jpg 1536w, https:\/\/www.pipishop.cz\/wp-content\/uploads\/2021\/10\/cropped-20211021_120025-1-scaled-1-1320x623.jpg 1320w, https:\/\/www.pipishop.cz\/wp-content\/uploads\/2021\/10\/cropped-20211021_120025-1-scaled-1-600x283.jpg 600w, https:\/\/www.pipishop.cz\/wp-content\/uploads\/2021\/10\/cropped-20211021_120025-1-scaled-1.jpg 1950w\" sizes=\"(max-width: 1024px) 100vw, 1024px\" \/><\/figure>\n","protected":false},"excerpt":{"rendered":"<p>XXL gumi\u010dka nen\u00ed u\u017e jen oby\u010dejnou gumi\u010dkou, ale tak\u00e9 m\u00f3dn\u00edm dopl\u0148kem. D\u00edky n\u00ed slad\u00edte sv\u00e9 vl\u00e1sky ke sv\u00e9mu outfitu.Tvo\u0159te cul\u00edky a drdoly stylov\u011b. I tak rychl\u00fd a jednoduch\u00fd \u00fa\u010des nemus\u00ed b\u00fdt p\u0159ece oby\u010dejn\u00fdm! Vyberte si z mnoha odst\u00edn\u016f a vzor\u016f tu, kter\u00e1 v\u00e1s bude zdobit na ka\u017ed\u00e9m kroku.&nbsp; Perfektn\u011b dr\u017e\u00ed a nevytrh\u00e1vaj\u00ed vlasy. Nezbytn\u00e1 pom\u016fcka [&hellip;]<\/p>\n","protected":false},"author":1,"featured_media":0,"parent":0,"menu_order":0,"comment_status":"closed","ping_status":"closed","template":"","meta":{"footnotes":""},"yoast_head":"<!-- This site is optimized with the Yoast SEO plugin v21.5 - https:\/\/yoast.com\/wordpress\/plugins\/seo\/ -->\n<title>XXL Gumi\u010dky Pipishop - www.pipishop.cz<\/title>\n<meta name=\"description\" content=\"XXL gumi\u010dka - gumi\u010dka, kter\u00e1 rozz\u00e1\u0159\u00ed V\u00e1\u0161 outfit. V nab\u00eddce jsou gumi\u010dky sat\u00e9nov\u00e9, hebou\u010dk\u00e9 \u010di ze 100% bavlny.\" \/>\n<meta name=\"robots\" content=\"index, follow, max-snippet:-1, max-image-preview:large, max-video-preview:-1\" \/>\n<link rel=\"canonical\" href=\"https:\/\/www.pipishop.cz\/index.php\/xxl-gumicky\/\" \/>\n<meta property=\"og:locale\" content=\"cs_CZ\" \/>\n<meta property=\"og:type\" content=\"article\" \/>\n<meta property=\"og:title\" content=\"XXL Gumi\u010dky Pipishop - www.pipishop.cz\" \/>\n<meta property=\"og:description\" content=\"XXL gumi\u010dka - gumi\u010dka, kter\u00e1 rozz\u00e1\u0159\u00ed V\u00e1\u0161 outfit. V nab\u00eddce jsou gumi\u010dky sat\u00e9nov\u00e9, hebou\u010dk\u00e9 \u010di ze 100% bavlny.\" \/>\n<meta property=\"og:url\" content=\"https:\/\/www.pipishop.cz\/index.php\/xxl-gumicky\/\" \/>\n<meta property=\"og:site_name\" content=\"Pipishop\" \/>\n<meta property=\"article:modified_time\" content=\"2021-11-04T14:32:04+00:00\" \/>\n<meta property=\"og:image\" content=\"http:\/\/www.pipishop.cz\/wp-content\/uploads\/2021\/10\/cropped-20211021_120025-1-scaled-1-1024x484.jpg\" \/>\n<meta name=\"twitter:card\" content=\"summary_large_image\" \/>\n<meta name=\"twitter:label1\" content=\"Odhadovan\u00e1 doba \u010dten\u00ed\" \/>\n\t<meta name=\"twitter:data1\" content=\"1 minuta\" \/>\n<script type=\"application\/ld+json\" class=\"yoast-schema-graph\">{\"@context\":\"https:\/\/schema.org\",\"@graph\":[{\"@type\":\"WebPage\",\"@id\":\"https:\/\/www.pipishop.cz\/index.php\/xxl-gumicky\/\",\"url\":\"https:\/\/www.pipishop.cz\/index.php\/xxl-gumicky\/\",\"name\":\"XXL Gumi\u010dky Pipishop - www.pipishop.cz\",\"isPartOf\":{\"@id\":\"https:\/\/www.pipishop.cz\/#website\"},\"datePublished\":\"2021-10-21T11:59:50+00:00\",\"dateModified\":\"2021-11-04T14:32:04+00:00\",\"description\":\"XXL gumi\u010dka - gumi\u010dka, kter\u00e1 rozz\u00e1\u0159\u00ed V\u00e1\u0161 outfit. V nab\u00eddce jsou gumi\u010dky sat\u00e9nov\u00e9, hebou\u010dk\u00e9 \u010di ze 100% bavlny.\",\"breadcrumb\":{\"@id\":\"https:\/\/www.pipishop.cz\/index.php\/xxl-gumicky\/#breadcrumb\"},\"inLanguage\":\"cs\",\"potentialAction\":[{\"@type\":\"ReadAction\",\"target\":[\"https:\/\/www.pipishop.cz\/index.php\/xxl-gumicky\/\"]}]},{\"@type\":\"BreadcrumbList\",\"@id\":\"https:\/\/www.pipishop.cz\/index.php\/xxl-gumicky\/#breadcrumb\",\"itemListElement\":[{\"@type\":\"ListItem\",\"position\":1,\"name\":\"Dom\u016f\",\"item\":\"https:\/\/www.pipishop.cz\/\"},{\"@type\":\"ListItem\",\"position\":2,\"name\":\"XXL gumi\u010dky\"}]},{\"@type\":\"WebSite\",\"@id\":\"https:\/\/www.pipishop.cz\/#website\",\"url\":\"https:\/\/www.pipishop.cz\/\",\"name\":\"Pipishop\",\"description\":\"Prodej gumi\u010dek do vlas\u016f a jin\u00fdch u\u0161it\u00fdch dopl\u0148k\u016f\",\"publisher\":{\"@id\":\"https:\/\/www.pipishop.cz\/#organization\"},\"potentialAction\":[{\"@type\":\"SearchAction\",\"target\":{\"@type\":\"EntryPoint\",\"urlTemplate\":\"https:\/\/www.pipishop.cz\/?s={search_term_string}\"},\"query-input\":\"required name=search_term_string\"}],\"inLanguage\":\"cs\"},{\"@type\":\"Organization\",\"@id\":\"https:\/\/www.pipishop.cz\/#organization\",\"name\":\"Pipishop\",\"url\":\"https:\/\/www.pipishop.cz\/\",\"logo\":{\"@type\":\"ImageObject\",\"inLanguage\":\"cs\",\"@id\":\"https:\/\/www.pipishop.cz\/#\/schema\/logo\/image\/\",\"url\":\"https:\/\/www.pipishop.cz\/wp-content\/uploads\/2021\/10\/cropped-cropped-pipi-logo-s-panenkou.png\",\"contentUrl\":\"https:\/\/www.pipishop.cz\/wp-content\/uploads\/2021\/10\/cropped-cropped-pipi-logo-s-panenkou.png\",\"width\":259,\"height\":259,\"caption\":\"Pipishop\"},\"image\":{\"@id\":\"https:\/\/www.pipishop.cz\/#\/schema\/logo\/image\/\"}}]}<\/script>\n<!-- \/ Yoast SEO plugin. -->","yoast_head_json":{"title":"XXL Gumi\u010dky Pipishop - www.pipishop.cz","description":"XXL gumi\u010dka - gumi\u010dka, kter\u00e1 rozz\u00e1\u0159\u00ed V\u00e1\u0161 outfit. V nab\u00eddce jsou gumi\u010dky sat\u00e9nov\u00e9, hebou\u010dk\u00e9 \u010di ze 100% bavlny.","robots":{"index":"index","follow":"follow","max-snippet":"max-snippet:-1","max-image-preview":"max-image-preview:large","max-video-preview":"max-video-preview:-1"},"canonical":"https:\/\/www.pipishop.cz\/index.php\/xxl-gumicky\/","og_locale":"cs_CZ","og_type":"article","og_title":"XXL Gumi\u010dky Pipishop - www.pipishop.cz","og_description":"XXL gumi\u010dka - gumi\u010dka, kter\u00e1 rozz\u00e1\u0159\u00ed V\u00e1\u0161 outfit. V nab\u00eddce jsou gumi\u010dky sat\u00e9nov\u00e9, hebou\u010dk\u00e9 \u010di ze 100% bavlny.","og_url":"https:\/\/www.pipishop.cz\/index.php\/xxl-gumicky\/","og_site_name":"Pipishop","article_modified_time":"2021-11-04T14:32:04+00:00","og_image":[{"url":"http:\/\/www.pipishop.cz\/wp-content\/uploads\/2021\/10\/cropped-20211021_120025-1-scaled-1-1024x484.jpg"}],"twitter_card":"summary_large_image","twitter_misc":{"Odhadovan\u00e1 doba \u010dten\u00ed":"1 minuta"},"schema":{"@context":"https:\/\/schema.org","@graph":[{"@type":"WebPage","@id":"https:\/\/www.pipishop.cz\/index.php\/xxl-gumicky\/","url":"https:\/\/www.pipishop.cz\/index.php\/xxl-gumicky\/","name":"XXL Gumi\u010dky Pipishop - www.pipishop.cz","isPartOf":{"@id":"https:\/\/www.pipishop.cz\/#website"},"datePublished":"2021-10-21T11:59:50+00:00","dateModified":"2021-11-04T14:32:04+00:00","description":"XXL gumi\u010dka - gumi\u010dka, kter\u00e1 rozz\u00e1\u0159\u00ed V\u00e1\u0161 outfit. V nab\u00eddce jsou gumi\u010dky sat\u00e9nov\u00e9, hebou\u010dk\u00e9 \u010di ze 100% bavlny.","breadcrumb":{"@id":"https:\/\/www.pipishop.cz\/index.php\/xxl-gumicky\/#breadcrumb"},"inLanguage":"cs","potentialAction":[{"@type":"ReadAction","target":["https:\/\/www.pipishop.cz\/index.php\/xxl-gumicky\/"]}]},{"@type":"BreadcrumbList","@id":"https:\/\/www.pipishop.cz\/index.php\/xxl-gumicky\/#breadcrumb","itemListElement":[{"@type":"ListItem","position":1,"name":"Dom\u016f","item":"https:\/\/www.pipishop.cz\/"},{"@type":"ListItem","position":2,"name":"XXL gumi\u010dky"}]},{"@type":"WebSite","@id":"https:\/\/www.pipishop.cz\/#website","url":"https:\/\/www.pipishop.cz\/","name":"Pipishop","description":"Prodej gumi\u010dek do vlas\u016f a jin\u00fdch u\u0161it\u00fdch dopl\u0148k\u016f","publisher":{"@id":"https:\/\/www.pipishop.cz\/#organization"},"potentialAction":[{"@type":"SearchAction","target":{"@type":"EntryPoint","urlTemplate":"https:\/\/www.pipishop.cz\/?s={search_term_string}"},"query-input":"required name=search_term_string"}],"inLanguage":"cs"},{"@type":"Organization","@id":"https:\/\/www.pipishop.cz\/#organization","name":"Pipishop","url":"https:\/\/www.pipishop.cz\/","logo":{"@type":"ImageObject","inLanguage":"cs","@id":"https:\/\/www.pipishop.cz\/#\/schema\/logo\/image\/","url":"https:\/\/www.pipishop.cz\/wp-content\/uploads\/2021\/10\/cropped-cropped-pipi-logo-s-panenkou.png","contentUrl":"https:\/\/www.pipishop.cz\/wp-content\/uploads\/2021\/10\/cropped-cropped-pipi-logo-s-panenkou.png","width":259,"height":259,"caption":"Pipishop"},"image":{"@id":"https:\/\/www.pipishop.cz\/#\/schema\/logo\/image\/"}}]}},"jetpack_sharing_enabled":true,"_links":{"self":[{"href":"https:\/\/www.pipishop.cz\/index.php\/wp-json\/wp\/v2\/pages\/47"}],"collection":[{"href":"https:\/\/www.pipishop.cz\/index.php\/wp-json\/wp\/v2\/pages"}],"about":[{"href":"https:\/\/www.pipishop.cz\/index.php\/wp-json\/wp\/v2\/types\/page"}],"author":[{"embeddable":true,"href":"https:\/\/www.pipishop.cz\/index.php\/wp-json\/wp\/v2\/users\/1"}],"replies":[{"embeddable":true,"href":"https:\/\/www.pipishop.cz\/index.php\/wp-json\/wp\/v2\/comments?post=47"}],"version-history":[{"count":4,"href":"https:\/\/www.pipishop.cz\/index.php\/wp-json\/wp\/v2\/pages\/47\/revisions"}],"predecessor-version":[{"id":302,"href":"https:\/\/www.pipishop.cz\/index.php\/wp-json\/wp\/v2\/pages\/47\/revisions\/302"}],"wp:attachment":[{"href":"https:\/\/www.pipishop.cz\/index.php\/wp-json\/wp\/v2\/media?parent=47"}],"curies":[{"name":"wp","href":"https:\/\/api.w.org\/{rel}","templated":true}]}}