{"id":7,"date":"2021-10-21T10:28:23","date_gmt":"2021-10-21T10:28:23","guid":{"rendered":"http:\/\/www.pipishop.cz\/?page_id=7"},"modified":"2023-11-17T19:25:43","modified_gmt":"2023-11-17T19:25:43","slug":"o-nas","status":"publish","type":"page","link":"https:\/\/www.pipishop.cz\/","title":{"rendered":"Pipi gumi\u010dky"},"content":{"rendered":"\n<p class=\"has-text-align-center\">Pipi &#8211; jsme mal\u00e1 \u0161ic\u00ed d\u00edlna v Karlov\u00fdch Varech, \u0161ijeme gumi\u010dky do vlas\u016f od klasick\u00e9 velikosti po obl\u00edben\u00e9 XXL gumi\u010dky.<br>Gumi\u010dky jsou vyroben\u00e9 z kvalitn\u00edch l\u00e1tek minky, sat\u00e9nu a bavlny.<\/p>\n\n\n\n<p class=\"has-text-align-center\">V nab\u00eddce naleznete tak\u00e9 kreativn\u00ed sady pro nad\u0161ence DIY (DO IT YOURSELF) projekt\u016f, kte\u0159\u00ed si mohou u\u0161\u00edt sv\u00e9 vlastn\u00ed gumi\u010dky.<\/p>\n\n\n<div class=\"wp-block-image is-resized is-style-rounded\">\n<figure class=\"aligncenter size-large\"><a href=\"https:\/\/www.pipishop.cz\/index.php\/kategorie-produktu\/klasicke-gumicky\/\"><img fetchpriority=\"high\" decoding=\"async\" width=\"1024\" height=\"485\" src=\"https:\/\/www.pipishop.cz\/wp-content\/uploads\/2021\/10\/20211021_134742-2-1024x485.jpg\" alt=\"\" class=\"wp-image-42\" style=\"object-fit:cover;width:512px;height:243px\" srcset=\"https:\/\/www.pipishop.cz\/wp-content\/uploads\/2021\/10\/20211021_134742-2-1024x485.jpg 1024w, https:\/\/www.pipishop.cz\/wp-content\/uploads\/2021\/10\/20211021_134742-2-scaled-416x197.jpg 416w, https:\/\/www.pipishop.cz\/wp-content\/uploads\/2021\/10\/20211021_134742-2-300x142.jpg 300w, https:\/\/www.pipishop.cz\/wp-content\/uploads\/2021\/10\/20211021_134742-2-768x363.jpg 768w, https:\/\/www.pipishop.cz\/wp-content\/uploads\/2021\/10\/20211021_134742-2-1536x727.jpg 1536w, https:\/\/www.pipishop.cz\/wp-content\/uploads\/2021\/10\/20211021_134742-2-2048x969.jpg 2048w, https:\/\/www.pipishop.cz\/wp-content\/uploads\/2021\/10\/20211021_134742-2-606x287.jpg 606w\" sizes=\"(max-width: 1024px) 100vw, 1024px\" \/><\/a><figcaption class=\"wp-element-caption\"><strong><span class=\"has-inline-color has-black-color\">KLASICK\u00c9 GUMI\u010cKY<\/span><\/strong><\/figcaption><\/figure><\/div>\n\n<div class=\"wp-block-image is-resized is-style-rounded\">\n<figure class=\"aligncenter size-large\"><a href=\"https:\/\/www.pipishop.cz\/index.php\/kategorie-produktu\/xxl-gumicky\/\"><img decoding=\"async\" width=\"1024\" height=\"485\" src=\"https:\/\/www.pipishop.cz\/wp-content\/uploads\/2021\/10\/20211021_120025-2-1024x485.jpg\" alt=\"\" class=\"wp-image-40\" style=\"object-fit:cover;width:512px;height:243px\" title=\"\" srcset=\"https:\/\/www.pipishop.cz\/wp-content\/uploads\/2021\/10\/20211021_120025-2-1024x485.jpg 1024w, https:\/\/www.pipishop.cz\/wp-content\/uploads\/2021\/10\/20211021_120025-2-scaled-416x197.jpg 416w, https:\/\/www.pipishop.cz\/wp-content\/uploads\/2021\/10\/20211021_120025-2-300x142.jpg 300w, https:\/\/www.pipishop.cz\/wp-content\/uploads\/2021\/10\/20211021_120025-2-768x363.jpg 768w, https:\/\/www.pipishop.cz\/wp-content\/uploads\/2021\/10\/20211021_120025-2-1536x727.jpg 1536w, https:\/\/www.pipishop.cz\/wp-content\/uploads\/2021\/10\/20211021_120025-2-2048x969.jpg 2048w, https:\/\/www.pipishop.cz\/wp-content\/uploads\/2021\/10\/20211021_120025-2-606x287.jpg 606w\" sizes=\"(max-width: 1024px) 100vw, 1024px\" \/><\/a><figcaption class=\"wp-element-caption\"><strong><span class=\"has-inline-color has-black-color\">XXL GUMI\u010cKY<\/span><\/strong><\/figcaption><\/figure><\/div>\n\n<div class=\"wp-block-image is-resized is-style-rounded\">\n<figure class=\"aligncenter size-large\"><a href=\"https:\/\/www.pipishop.cz\/index.php\/kategorie-produktu\/kreativni-sady\/\"><img decoding=\"async\" width=\"1024\" height=\"485\" src=\"https:\/\/www.pipishop.cz\/wp-content\/uploads\/2021\/10\/20210914_131629-1024x485.jpg\" alt=\"\" class=\"wp-image-56\" style=\"object-fit:cover;width:512px;height:243px\" srcset=\"https:\/\/www.pipishop.cz\/wp-content\/uploads\/2021\/10\/20210914_131629-1024x485.jpg 1024w, https:\/\/www.pipishop.cz\/wp-content\/uploads\/2021\/10\/20210914_131629-scaled-416x197.jpg 416w, https:\/\/www.pipishop.cz\/wp-content\/uploads\/2021\/10\/20210914_131629-300x142.jpg 300w, https:\/\/www.pipishop.cz\/wp-content\/uploads\/2021\/10\/20210914_131629-768x363.jpg 768w, https:\/\/www.pipishop.cz\/wp-content\/uploads\/2021\/10\/20210914_131629-1536x727.jpg 1536w, https:\/\/www.pipishop.cz\/wp-content\/uploads\/2021\/10\/20210914_131629-2048x969.jpg 2048w, https:\/\/www.pipishop.cz\/wp-content\/uploads\/2021\/10\/20210914_131629-606x287.jpg 606w\" sizes=\"(max-width: 1024px) 100vw, 1024px\" \/><\/a><figcaption class=\"wp-element-caption\"><strong><span class=\"has-inline-color has-black-color\">KREATIVN\u00cd SADY<\/span><\/strong><\/figcaption><\/figure><\/div>\n\n<div class=\"wp-block-image is-style-rounded\">\n<figure class=\"aligncenter size-full is-resized\"><a href=\"https:\/\/www.pipishop.cz\/index.php\/kategorie-produktu\/darkove-sady\/\"><img loading=\"lazy\" decoding=\"async\" width=\"2000\" height=\"1500\" src=\"https:\/\/www.pipishop.cz\/wp-content\/uploads\/2023\/11\/WhatsApp-Image-2023-11-06-at-14.52.57-1.jpeg\" alt=\"\" class=\"wp-image-364\" style=\"object-fit:cover;width:512px;height:243px\" srcset=\"https:\/\/www.pipishop.cz\/wp-content\/uploads\/2023\/11\/WhatsApp-Image-2023-11-06-at-14.52.57-1.jpeg 2000w, https:\/\/www.pipishop.cz\/wp-content\/uploads\/2023\/11\/WhatsApp-Image-2023-11-06-at-14.52.57-1-416x312.jpeg 416w, https:\/\/www.pipishop.cz\/wp-content\/uploads\/2023\/11\/WhatsApp-Image-2023-11-06-at-14.52.57-1-300x225.jpeg 300w, https:\/\/www.pipishop.cz\/wp-content\/uploads\/2023\/11\/WhatsApp-Image-2023-11-06-at-14.52.57-1-1024x768.jpeg 1024w, https:\/\/www.pipishop.cz\/wp-content\/uploads\/2023\/11\/WhatsApp-Image-2023-11-06-at-14.52.57-1-768x576.jpeg 768w, https:\/\/www.pipishop.cz\/wp-content\/uploads\/2023\/11\/WhatsApp-Image-2023-11-06-at-14.52.57-1-1536x1152.jpeg 1536w, https:\/\/www.pipishop.cz\/wp-content\/uploads\/2023\/11\/WhatsApp-Image-2023-11-06-at-14.52.57-1-606x455.jpeg 606w, https:\/\/www.pipishop.cz\/wp-content\/uploads\/2023\/11\/WhatsApp-Image-2023-11-06-at-14.52.57-1-990x742.jpeg 990w, https:\/\/www.pipishop.cz\/wp-content\/uploads\/2023\/11\/WhatsApp-Image-2023-11-06-at-14.52.57-1-730x547.jpeg 730w\" sizes=\"(max-width: 2000px) 100vw, 2000px\" \/><\/a><figcaption class=\"wp-element-caption\"><strong><mark style=\"background-color:rgba(0, 0, 0, 0)\" class=\"has-inline-color has-black-color\">D\u00c1RKOV\u00c9 SADY<\/mark><\/strong><\/figcaption><\/figure><\/div>","protected":false},"excerpt":{"rendered":"<p>Pipi &#8211; jsme mal\u00e1 \u0161ic\u00ed d\u00edlna v Karlov\u00fdch Varech, \u0161ijeme gumi\u010dky do vlas\u016f od klasick\u00e9 velikosti po obl\u00edben\u00e9 XXL gumi\u010dky.Gumi\u010dky jsou vyroben\u00e9 z kvalitn\u00edch l\u00e1tek minky, sat\u00e9nu a bavlny. V nab\u00eddce naleznete tak\u00e9 kreativn\u00ed sady pro nad\u0161ence DIY (DO IT YOURSELF) projekt\u016f, kte\u0159\u00ed si mohou u\u0161\u00edt sv\u00e9 vlastn\u00ed gumi\u010dky.<\/p>\n","protected":false},"author":1,"featured_media":0,"parent":0,"menu_order":0,"comment_status":"closed","ping_status":"closed","template":"","meta":{"footnotes":""},"yoast_head":"<!-- This site is optimized with the Yoast SEO plugin v21.5 - https:\/\/yoast.com\/wordpress\/plugins\/seo\/ -->\n<title>Pipi gumi\u010dky Pipishop - www.pipishop.cz<\/title>\n<meta name=\"description\" content=\"Pipi - prodejna a eshop s gumi\u010dkami, kter\u00e9 rozz\u00e1\u0159\u00ed V\u00e1\u0161 outfit. V nab\u00eddce jsou gumi\u010dky sat\u00e9nov\u00e9, hebou\u010dk\u00e9 \u010di ze 100% bavlny.\" \/>\n<meta name=\"robots\" content=\"index, follow, max-snippet:-1, max-image-preview:large, max-video-preview:-1\" \/>\n<link rel=\"canonical\" href=\"https:\/\/www.pipishop.cz\/\" \/>\n<meta property=\"og:locale\" content=\"cs_CZ\" \/>\n<meta property=\"og:type\" content=\"article\" \/>\n<meta property=\"og:title\" content=\"Pipi gumi\u010dky Pipishop - www.pipishop.cz\" \/>\n<meta property=\"og:description\" content=\"Pipi - prodejna a eshop s gumi\u010dkami, kter\u00e9 rozz\u00e1\u0159\u00ed V\u00e1\u0161 outfit. V nab\u00eddce jsou gumi\u010dky sat\u00e9nov\u00e9, hebou\u010dk\u00e9 \u010di ze 100% bavlny.\" \/>\n<meta property=\"og:url\" content=\"https:\/\/www.pipishop.cz\/\" \/>\n<meta property=\"og:site_name\" content=\"Pipishop\" \/>\n<meta property=\"article:modified_time\" content=\"2023-11-17T19:25:43+00:00\" \/>\n<meta property=\"og:image\" content=\"http:\/\/www.pipishop.cz\/wp-content\/uploads\/2021\/10\/20211021_134742-2-1024x485.jpg\" \/>\n<meta name=\"twitter:card\" content=\"summary_large_image\" \/>\n<meta name=\"twitter:label1\" content=\"Odhadovan\u00e1 doba \u010dten\u00ed\" \/>\n\t<meta name=\"twitter:data1\" content=\"2 minuty\" \/>\n<script type=\"application\/ld+json\" class=\"yoast-schema-graph\">{\"@context\":\"https:\/\/schema.org\",\"@graph\":[{\"@type\":\"WebPage\",\"@id\":\"https:\/\/www.pipishop.cz\/\",\"url\":\"https:\/\/www.pipishop.cz\/\",\"name\":\"Pipi gumi\u010dky Pipishop - www.pipishop.cz\",\"isPartOf\":{\"@id\":\"https:\/\/www.pipishop.cz\/#website\"},\"datePublished\":\"2021-10-21T10:28:23+00:00\",\"dateModified\":\"2023-11-17T19:25:43+00:00\",\"description\":\"Pipi - prodejna a eshop s gumi\u010dkami, kter\u00e9 rozz\u00e1\u0159\u00ed V\u00e1\u0161 outfit. V nab\u00eddce jsou gumi\u010dky sat\u00e9nov\u00e9, hebou\u010dk\u00e9 \u010di ze 100% bavlny.\",\"breadcrumb\":{\"@id\":\"https:\/\/www.pipishop.cz\/#breadcrumb\"},\"inLanguage\":\"cs\",\"potentialAction\":[{\"@type\":\"ReadAction\",\"target\":[\"https:\/\/www.pipishop.cz\/\"]}]},{\"@type\":\"BreadcrumbList\",\"@id\":\"https:\/\/www.pipishop.cz\/#breadcrumb\",\"itemListElement\":[{\"@type\":\"ListItem\",\"position\":1,\"name\":\"Dom\u016f\",\"item\":\"https:\/\/www.pipishop.cz\/\"},{\"@type\":\"ListItem\",\"position\":2,\"name\":\"Pipi gumi\u010dky\"}]},{\"@type\":\"WebSite\",\"@id\":\"https:\/\/www.pipishop.cz\/#website\",\"url\":\"https:\/\/www.pipishop.cz\/\",\"name\":\"Pipishop\",\"description\":\"Prodej gumi\u010dek do vlas\u016f a jin\u00fdch u\u0161it\u00fdch dopl\u0148k\u016f\",\"publisher\":{\"@id\":\"https:\/\/www.pipishop.cz\/#organization\"},\"potentialAction\":[{\"@type\":\"SearchAction\",\"target\":{\"@type\":\"EntryPoint\",\"urlTemplate\":\"https:\/\/www.pipishop.cz\/?s={search_term_string}\"},\"query-input\":\"required name=search_term_string\"}],\"inLanguage\":\"cs\"},{\"@type\":\"Organization\",\"@id\":\"https:\/\/www.pipishop.cz\/#organization\",\"name\":\"Pipishop\",\"url\":\"https:\/\/www.pipishop.cz\/\",\"logo\":{\"@type\":\"ImageObject\",\"inLanguage\":\"cs\",\"@id\":\"https:\/\/www.pipishop.cz\/#\/schema\/logo\/image\/\",\"url\":\"https:\/\/www.pipishop.cz\/wp-content\/uploads\/2021\/10\/cropped-cropped-pipi-logo-s-panenkou.png\",\"contentUrl\":\"https:\/\/www.pipishop.cz\/wp-content\/uploads\/2021\/10\/cropped-cropped-pipi-logo-s-panenkou.png\",\"width\":259,\"height\":259,\"caption\":\"Pipishop\"},\"image\":{\"@id\":\"https:\/\/www.pipishop.cz\/#\/schema\/logo\/image\/\"}}]}<\/script>\n<!-- \/ Yoast SEO plugin. -->","yoast_head_json":{"title":"Pipi gumi\u010dky Pipishop - www.pipishop.cz","description":"Pipi - prodejna a eshop s gumi\u010dkami, kter\u00e9 rozz\u00e1\u0159\u00ed V\u00e1\u0161 outfit. V nab\u00eddce jsou gumi\u010dky sat\u00e9nov\u00e9, hebou\u010dk\u00e9 \u010di ze 100% bavlny.","robots":{"index":"index","follow":"follow","max-snippet":"max-snippet:-1","max-image-preview":"max-image-preview:large","max-video-preview":"max-video-preview:-1"},"canonical":"https:\/\/www.pipishop.cz\/","og_locale":"cs_CZ","og_type":"article","og_title":"Pipi gumi\u010dky Pipishop - www.pipishop.cz","og_description":"Pipi - prodejna a eshop s gumi\u010dkami, kter\u00e9 rozz\u00e1\u0159\u00ed V\u00e1\u0161 outfit. V nab\u00eddce jsou gumi\u010dky sat\u00e9nov\u00e9, hebou\u010dk\u00e9 \u010di ze 100% bavlny.","og_url":"https:\/\/www.pipishop.cz\/","og_site_name":"Pipishop","article_modified_time":"2023-11-17T19:25:43+00:00","og_image":[{"url":"http:\/\/www.pipishop.cz\/wp-content\/uploads\/2021\/10\/20211021_134742-2-1024x485.jpg"}],"twitter_card":"summary_large_image","twitter_misc":{"Odhadovan\u00e1 doba \u010dten\u00ed":"2 minuty"},"schema":{"@context":"https:\/\/schema.org","@graph":[{"@type":"WebPage","@id":"https:\/\/www.pipishop.cz\/","url":"https:\/\/www.pipishop.cz\/","name":"Pipi gumi\u010dky Pipishop - www.pipishop.cz","isPartOf":{"@id":"https:\/\/www.pipishop.cz\/#website"},"datePublished":"2021-10-21T10:28:23+00:00","dateModified":"2023-11-17T19:25:43+00:00","description":"Pipi - prodejna a eshop s gumi\u010dkami, kter\u00e9 rozz\u00e1\u0159\u00ed V\u00e1\u0161 outfit. V nab\u00eddce jsou gumi\u010dky sat\u00e9nov\u00e9, hebou\u010dk\u00e9 \u010di ze 100% bavlny.","breadcrumb":{"@id":"https:\/\/www.pipishop.cz\/#breadcrumb"},"inLanguage":"cs","potentialAction":[{"@type":"ReadAction","target":["https:\/\/www.pipishop.cz\/"]}]},{"@type":"BreadcrumbList","@id":"https:\/\/www.pipishop.cz\/#breadcrumb","itemListElement":[{"@type":"ListItem","position":1,"name":"Dom\u016f","item":"https:\/\/www.pipishop.cz\/"},{"@type":"ListItem","position":2,"name":"Pipi gumi\u010dky"}]},{"@type":"WebSite","@id":"https:\/\/www.pipishop.cz\/#website","url":"https:\/\/www.pipishop.cz\/","name":"Pipishop","description":"Prodej gumi\u010dek do vlas\u016f a jin\u00fdch u\u0161it\u00fdch dopl\u0148k\u016f","publisher":{"@id":"https:\/\/www.pipishop.cz\/#organization"},"potentialAction":[{"@type":"SearchAction","target":{"@type":"EntryPoint","urlTemplate":"https:\/\/www.pipishop.cz\/?s={search_term_string}"},"query-input":"required name=search_term_string"}],"inLanguage":"cs"},{"@type":"Organization","@id":"https:\/\/www.pipishop.cz\/#organization","name":"Pipishop","url":"https:\/\/www.pipishop.cz\/","logo":{"@type":"ImageObject","inLanguage":"cs","@id":"https:\/\/www.pipishop.cz\/#\/schema\/logo\/image\/","url":"https:\/\/www.pipishop.cz\/wp-content\/uploads\/2021\/10\/cropped-cropped-pipi-logo-s-panenkou.png","contentUrl":"https:\/\/www.pipishop.cz\/wp-content\/uploads\/2021\/10\/cropped-cropped-pipi-logo-s-panenkou.png","width":259,"height":259,"caption":"Pipishop"},"image":{"@id":"https:\/\/www.pipishop.cz\/#\/schema\/logo\/image\/"}}]}},"jetpack_sharing_enabled":true,"_links":{"self":[{"href":"https:\/\/www.pipishop.cz\/index.php\/wp-json\/wp\/v2\/pages\/7"}],"collection":[{"href":"https:\/\/www.pipishop.cz\/index.php\/wp-json\/wp\/v2\/pages"}],"about":[{"href":"https:\/\/www.pipishop.cz\/index.php\/wp-json\/wp\/v2\/types\/page"}],"author":[{"embeddable":true,"href":"https:\/\/www.pipishop.cz\/index.php\/wp-json\/wp\/v2\/users\/1"}],"replies":[{"embeddable":true,"href":"https:\/\/www.pipishop.cz\/index.php\/wp-json\/wp\/v2\/comments?post=7"}],"version-history":[{"count":20,"href":"https:\/\/www.pipishop.cz\/index.php\/wp-json\/wp\/v2\/pages\/7\/revisions"}],"predecessor-version":[{"id":381,"href":"https:\/\/www.pipishop.cz\/index.php\/wp-json\/wp\/v2\/pages\/7\/revisions\/381"}],"wp:attachment":[{"href":"https:\/\/www.pipishop.cz\/index.php\/wp-json\/wp\/v2\/media?parent=7"}],"curies":[{"name":"wp","href":"https:\/\/api.w.org\/{rel}","templated":true}]}}