{"id":80,"date":"2021-10-21T13:03:16","date_gmt":"2021-10-21T13:03:16","guid":{"rendered":"https:\/\/www.pipishop.cz\/index.php\/muj-ucet\/"},"modified":"2021-10-21T13:03:16","modified_gmt":"2021-10-21T13:03:16","slug":"muj-ucet","status":"publish","type":"page","link":"https:\/\/www.pipishop.cz\/index.php\/muj-ucet\/","title":{"rendered":"M\u016fj \u00fa\u010det"},"content":{"rendered":"<div class=\"woocommerce\"><div class=\"woocommerce-notices-wrapper\"><\/div>\n\n<div class=\"u-columns col2-set\" id=\"customer_login\">\n\n\t<div class=\"u-column1 col-1\">\n\n\n\t\t<h2>P\u0159ihl\u00e1\u0161en\u00ed<\/h2>\n\n\t\t<form class=\"woocommerce-form woocommerce-form-login login\" method=\"post\">\n\n\t\t\t\n\t\t\t<p class=\"woocommerce-form-row woocommerce-form-row--wide form-row form-row-wide\">\n\t\t\t\t<label for=\"username\">U\u017eivatelsk\u00e9 jm\u00e9no nebo e-mailov\u00e1 adresa&nbsp;<span class=\"required\">*<\/span><\/label>\n\t\t\t\t<input type=\"text\" class=\"woocommerce-Input woocommerce-Input--text input-text\" name=\"username\" id=\"username\" autocomplete=\"username\" value=\"\" \/>\t\t\t<\/p>\n\t\t\t<p class=\"woocommerce-form-row woocommerce-form-row--wide form-row form-row-wide\">\n\t\t\t\t<label for=\"password\">Heslo&nbsp;<span class=\"required\">*<\/span><\/label>\n\t\t\t\t<input class=\"woocommerce-Input woocommerce-Input--text input-text\" type=\"password\" name=\"password\" id=\"password\" autocomplete=\"current-password\" \/>\n\t\t\t<\/p>\n\n\t\t\t\n\t\t\t<p class=\"form-row\">\n\t\t\t\t<label class=\"woocommerce-form__label woocommerce-form__label-for-checkbox woocommerce-form-login__rememberme\">\n\t\t\t\t\t<input class=\"woocommerce-form__input woocommerce-form__input-checkbox\" name=\"rememberme\" type=\"checkbox\" id=\"rememberme\" value=\"forever\" \/> <span>Zapamatujte si m\u011b<\/span>\n\t\t\t\t<\/label>\n\t\t\t\t<input type=\"hidden\" id=\"woocommerce-login-nonce\" name=\"woocommerce-login-nonce\" value=\"7ea8cb0ce1\" \/><input type=\"hidden\" name=\"_wp_http_referer\" value=\"\/index.php\/wp-json\/wp\/v2\/pages\/80\" \/>\t\t\t\t<button type=\"submit\" class=\"woocommerce-button button woocommerce-form-login__submit\" name=\"login\" value=\"P\u0159ihl\u00e1sit se\">P\u0159ihl\u00e1sit se<\/button>\n\t\t\t<\/p>\n\t\t\t<p class=\"woocommerce-LostPassword lost_password\">\n\t\t\t\t<a href=\"https:\/\/www.pipishop.cz\/index.php\/muj-ucet\/lost-password\/\">Zapomn\u011bli jste heslo?<\/a>\n\t\t\t<\/p>\n\n\t\t\t\n\t\t<\/form>\n\n\n\t<\/div>\n\n\t<div class=\"u-column2 col-2\">\n\n\t\t<h2>Registrovat se<\/h2>\n\n\t\t<form method=\"post\" class=\"woocommerce-form woocommerce-form-register register\"  >\n\n\t\t\t\n\t\t\t\n\t\t\t<p class=\"woocommerce-form-row woocommerce-form-row--wide form-row form-row-wide\">\n\t\t\t\t<label for=\"reg_email\">E-mailov\u00e1 adresa&nbsp;<span class=\"required\">*<\/span><\/label>\n\t\t\t\t<input type=\"email\" class=\"woocommerce-Input woocommerce-Input--text input-text\" name=\"email\" id=\"reg_email\" autocomplete=\"email\" value=\"\" \/>\t\t\t<\/p>\n\n\t\t\t\n\t\t\t\t<p>Na va\u0161i e-mailovou adresu bude zasl\u00e1n odkaz pro nastaven\u00ed nov\u00e9ho hesla.<\/p>\n\n\t\t\t\n\t\t\t<input type=\"hidden\" name=\"wc_order_attribution_source_type\" value=\"\" \/><input type=\"hidden\" name=\"wc_order_attribution_referrer\" value=\"\" \/><input type=\"hidden\" name=\"wc_order_attribution_utm_campaign\" value=\"\" \/><input type=\"hidden\" name=\"wc_order_attribution_utm_source\" value=\"\" \/><input type=\"hidden\" name=\"wc_order_attribution_utm_medium\" value=\"\" \/><input type=\"hidden\" name=\"wc_order_attribution_utm_content\" value=\"\" \/><input type=\"hidden\" name=\"wc_order_attribution_utm_id\" value=\"\" \/><input type=\"hidden\" name=\"wc_order_attribution_utm_term\" value=\"\" \/><input type=\"hidden\" name=\"wc_order_attribution_session_entry\" value=\"\" \/><input type=\"hidden\" name=\"wc_order_attribution_session_start_time\" value=\"\" \/><input type=\"hidden\" name=\"wc_order_attribution_session_pages\" value=\"\" \/><input type=\"hidden\" name=\"wc_order_attribution_session_count\" value=\"\" \/><input type=\"hidden\" name=\"wc_order_attribution_user_agent\" value=\"\" \/><div class=\"woocommerce-privacy-policy-text\"><p>Va\u0161e osobn\u00ed \u00fadaje budou pou\u017eity ke zv\u00fd\u0161en\u00ed spokojenosti po celou dobu proch\u00e1zen\u00ed tohoto webu, ke spr\u00e1v\u011b p\u0159\u00edstupu do va\u0161eho \u00fa\u010dtu a k dal\u0161\u00edm \u00fa\u010del\u016fm popsan\u00fdm na str\u00e1nce <a href=\"https:\/\/www.pipishop.cz\/index.php\/zasady-ochrany-osobnich-udaju\/\" class=\"woocommerce-privacy-policy-link\" target=\"_blank\">ochrana osobn\u00edch \u00fadaj\u016f<\/a>.<\/p>\n<\/div>\n\t\t\t<p class=\"woocommerce-form-row form-row\">\n\t\t\t\t<input type=\"hidden\" id=\"woocommerce-register-nonce\" name=\"woocommerce-register-nonce\" value=\"2926eafd18\" \/><input type=\"hidden\" name=\"_wp_http_referer\" value=\"\/index.php\/wp-json\/wp\/v2\/pages\/80\" \/>\t\t\t\t<button type=\"submit\" class=\"woocommerce-Button woocommerce-button button woocommerce-form-register__submit\" name=\"register\" value=\"Registrovat se\">Registrovat se<\/button>\n\t\t\t<\/p>\n\n\t\t\t\n\t\t<\/form>\n\n\t<\/div>\n\n<\/div>\n\n<\/div>\n","protected":false},"excerpt":{"rendered":"","protected":false},"author":1,"featured_media":0,"parent":0,"menu_order":0,"comment_status":"closed","ping_status":"closed","template":"","meta":{"footnotes":""},"yoast_head":"<!-- This site is optimized with the Yoast SEO plugin v21.5 - https:\/\/yoast.com\/wordpress\/plugins\/seo\/ -->\n<title>M\u016fj \u00fa\u010det - Pipishop<\/title>\n<meta name=\"robots\" content=\"index, follow, max-snippet:-1, max-image-preview:large, max-video-preview:-1\" \/>\n<link rel=\"canonical\" href=\"https:\/\/www.pipishop.cz\/index.php\/muj-ucet\/\" \/>\n<meta property=\"og:locale\" content=\"cs_CZ\" \/>\n<meta property=\"og:type\" content=\"article\" \/>\n<meta property=\"og:title\" content=\"M\u016fj \u00fa\u010det - Pipishop\" \/>\n<meta property=\"og:url\" content=\"https:\/\/www.pipishop.cz\/index.php\/muj-ucet\/\" \/>\n<meta property=\"og:site_name\" content=\"Pipishop\" \/>\n<meta name=\"twitter:card\" content=\"summary_large_image\" \/>\n<script type=\"application\/ld+json\" class=\"yoast-schema-graph\">{\"@context\":\"https:\/\/schema.org\",\"@graph\":[{\"@type\":\"WebPage\",\"@id\":\"https:\/\/www.pipishop.cz\/index.php\/muj-ucet\/\",\"url\":\"https:\/\/www.pipishop.cz\/index.php\/muj-ucet\/\",\"name\":\"M\u016fj \u00fa\u010det - Pipishop\",\"isPartOf\":{\"@id\":\"https:\/\/www.pipishop.cz\/#website\"},\"datePublished\":\"2021-10-21T13:03:16+00:00\",\"dateModified\":\"2021-10-21T13:03:16+00:00\",\"breadcrumb\":{\"@id\":\"https:\/\/www.pipishop.cz\/index.php\/muj-ucet\/#breadcrumb\"},\"inLanguage\":\"cs\",\"potentialAction\":[{\"@type\":\"ReadAction\",\"target\":[\"https:\/\/www.pipishop.cz\/index.php\/muj-ucet\/\"]}]},{\"@type\":\"BreadcrumbList\",\"@id\":\"https:\/\/www.pipishop.cz\/index.php\/muj-ucet\/#breadcrumb\",\"itemListElement\":[{\"@type\":\"ListItem\",\"position\":1,\"name\":\"Dom\u016f\",\"item\":\"https:\/\/www.pipishop.cz\/\"},{\"@type\":\"ListItem\",\"position\":2,\"name\":\"M\u016fj \u00fa\u010det\"}]},{\"@type\":\"WebSite\",\"@id\":\"https:\/\/www.pipishop.cz\/#website\",\"url\":\"https:\/\/www.pipishop.cz\/\",\"name\":\"Pipishop\",\"description\":\"Prodej gumi\u010dek do vlas\u016f a jin\u00fdch u\u0161it\u00fdch dopl\u0148k\u016f\",\"publisher\":{\"@id\":\"https:\/\/www.pipishop.cz\/#organization\"},\"potentialAction\":[{\"@type\":\"SearchAction\",\"target\":{\"@type\":\"EntryPoint\",\"urlTemplate\":\"https:\/\/www.pipishop.cz\/?s={search_term_string}\"},\"query-input\":\"required name=search_term_string\"}],\"inLanguage\":\"cs\"},{\"@type\":\"Organization\",\"@id\":\"https:\/\/www.pipishop.cz\/#organization\",\"name\":\"Pipishop\",\"url\":\"https:\/\/www.pipishop.cz\/\",\"logo\":{\"@type\":\"ImageObject\",\"inLanguage\":\"cs\",\"@id\":\"https:\/\/www.pipishop.cz\/#\/schema\/logo\/image\/\",\"url\":\"https:\/\/www.pipishop.cz\/wp-content\/uploads\/2021\/10\/cropped-cropped-pipi-logo-s-panenkou.png\",\"contentUrl\":\"https:\/\/www.pipishop.cz\/wp-content\/uploads\/2021\/10\/cropped-cropped-pipi-logo-s-panenkou.png\",\"width\":259,\"height\":259,\"caption\":\"Pipishop\"},\"image\":{\"@id\":\"https:\/\/www.pipishop.cz\/#\/schema\/logo\/image\/\"}}]}<\/script>\n<!-- \/ Yoast SEO plugin. -->","yoast_head_json":{"title":"M\u016fj \u00fa\u010det - Pipishop","robots":{"index":"index","follow":"follow","max-snippet":"max-snippet:-1","max-image-preview":"max-image-preview:large","max-video-preview":"max-video-preview:-1"},"canonical":"https:\/\/www.pipishop.cz\/index.php\/muj-ucet\/","og_locale":"cs_CZ","og_type":"article","og_title":"M\u016fj \u00fa\u010det - Pipishop","og_url":"https:\/\/www.pipishop.cz\/index.php\/muj-ucet\/","og_site_name":"Pipishop","twitter_card":"summary_large_image","schema":{"@context":"https:\/\/schema.org","@graph":[{"@type":"WebPage","@id":"https:\/\/www.pipishop.cz\/index.php\/muj-ucet\/","url":"https:\/\/www.pipishop.cz\/index.php\/muj-ucet\/","name":"M\u016fj \u00fa\u010det - Pipishop","isPartOf":{"@id":"https:\/\/www.pipishop.cz\/#website"},"datePublished":"2021-10-21T13:03:16+00:00","dateModified":"2021-10-21T13:03:16+00:00","breadcrumb":{"@id":"https:\/\/www.pipishop.cz\/index.php\/muj-ucet\/#breadcrumb"},"inLanguage":"cs","potentialAction":[{"@type":"ReadAction","target":["https:\/\/www.pipishop.cz\/index.php\/muj-ucet\/"]}]},{"@type":"BreadcrumbList","@id":"https:\/\/www.pipishop.cz\/index.php\/muj-ucet\/#breadcrumb","itemListElement":[{"@type":"ListItem","position":1,"name":"Dom\u016f","item":"https:\/\/www.pipishop.cz\/"},{"@type":"ListItem","position":2,"name":"M\u016fj \u00fa\u010det"}]},{"@type":"WebSite","@id":"https:\/\/www.pipishop.cz\/#website","url":"https:\/\/www.pipishop.cz\/","name":"Pipishop","description":"Prodej gumi\u010dek do vlas\u016f a jin\u00fdch u\u0161it\u00fdch dopl\u0148k\u016f","publisher":{"@id":"https:\/\/www.pipishop.cz\/#organization"},"potentialAction":[{"@type":"SearchAction","target":{"@type":"EntryPoint","urlTemplate":"https:\/\/www.pipishop.cz\/?s={search_term_string}"},"query-input":"required name=search_term_string"}],"inLanguage":"cs"},{"@type":"Organization","@id":"https:\/\/www.pipishop.cz\/#organization","name":"Pipishop","url":"https:\/\/www.pipishop.cz\/","logo":{"@type":"ImageObject","inLanguage":"cs","@id":"https:\/\/www.pipishop.cz\/#\/schema\/logo\/image\/","url":"https:\/\/www.pipishop.cz\/wp-content\/uploads\/2021\/10\/cropped-cropped-pipi-logo-s-panenkou.png","contentUrl":"https:\/\/www.pipishop.cz\/wp-content\/uploads\/2021\/10\/cropped-cropped-pipi-logo-s-panenkou.png","width":259,"height":259,"caption":"Pipishop"},"image":{"@id":"https:\/\/www.pipishop.cz\/#\/schema\/logo\/image\/"}}]}},"jetpack_sharing_enabled":true,"_links":{"self":[{"href":"https:\/\/www.pipishop.cz\/index.php\/wp-json\/wp\/v2\/pages\/80"}],"collection":[{"href":"https:\/\/www.pipishop.cz\/index.php\/wp-json\/wp\/v2\/pages"}],"about":[{"href":"https:\/\/www.pipishop.cz\/index.php\/wp-json\/wp\/v2\/types\/page"}],"author":[{"embeddable":true,"href":"https:\/\/www.pipishop.cz\/index.php\/wp-json\/wp\/v2\/users\/1"}],"replies":[{"embeddable":true,"href":"https:\/\/www.pipishop.cz\/index.php\/wp-json\/wp\/v2\/comments?post=80"}],"version-history":[{"count":0,"href":"https:\/\/www.pipishop.cz\/index.php\/wp-json\/wp\/v2\/pages\/80\/revisions"}],"wp:attachment":[{"href":"https:\/\/www.pipishop.cz\/index.php\/wp-json\/wp\/v2\/media?parent=80"}],"curies":[{"name":"wp","href":"https:\/\/api.w.org\/{rel}","templated":true}]}}