{"id":162,"date":"2021-10-26T09:56:33","date_gmt":"2021-10-26T09:56:33","guid":{"rendered":"https:\/\/www.pipishop.cz\/?post_type=product&#038;p=162"},"modified":"2024-04-03T04:06:11","modified_gmt":"2024-04-03T04:06:11","slug":"kreativni-sada-diy-scrunchie-ruzova","status":"publish","type":"product","link":"https:\/\/www.pipishop.cz\/index.php\/produkt\/kreativni-sada-diy-scrunchie-ruzova\/","title":{"rendered":"Kreativn\u00ed sada (DIY Scrunchie) &#8211; R\u016f\u017eov\u00e1"},"content":{"rendered":"<p>Sada na v\u00fdrobu 2 gumi\u010dek ze 100% bavlny pro v\u0161echny, kter\u00e9 bav\u00ed tvo\u0159en\u00ed.<br \/>\nSada obsahuje:<br \/>\nl\u00e1tky, gumi\u010dky, sp\u00ednac\u00ed \u0161pendl\u00edky, jehlu, nit, n\u016f\u017eky, jednoduch\u00fd n\u00e1vod na u\u0161it\u00ed, podle kter\u00e9ho to zvl\u00e1dne opravdu ka\u017ed\u00fd.<\/p>\n<p style=\"margin: 0cm; background: white;\"><span style=\"font-family: 'Arial',sans-serif; color: #616161;\">Vyroben\u00e9 gumi\u010dky jsou vhodn\u00e9 i pro mal\u00e9 d\u011bti, l\u00e1tka je certifikovan\u00e1: \u00d6ko-Tex Standard 100, t\u0159. I.<\/span><\/p>\n","protected":false},"excerpt":{"rendered":"<p>Kreativn\u00ed sada (DIY Scrunchie) &#8211; r\u016f\u017eov\u00e1<br \/>\nMateri\u00e1l: 100% bavlna<\/p>\n","protected":false},"featured_media":163,"comment_status":"open","ping_status":"closed","template":"","meta":[],"product_cat":[29],"product_tag":[20,24,22,25,26,23,27],"yoast_head":"<!-- This site is optimized with the Yoast SEO plugin v21.5 - https:\/\/yoast.com\/wordpress\/plugins\/seo\/ -->\n<title>Kreativn\u00ed sada (DIY Scrunchie) - R\u016f\u017eov\u00e1 - Pipishop<\/title>\n<meta name=\"description\" content=\"Kreativn\u00ed sada na v\u00fdrobu 2 gumi\u010dek ze 100% bavlny pro v\u0161echny, kter\u00e9 bav\u00ed tvo\u0159en\u00ed. \u0160ijeme s l\u00e1skou - Pipishop.\" \/>\n<meta name=\"robots\" content=\"index, follow, max-snippet:-1, max-image-preview:large, max-video-preview:-1\" \/>\n<link rel=\"canonical\" href=\"https:\/\/www.pipishop.cz\/index.php\/produkt\/kreativni-sada-diy-scrunchie-ruzova\/\" \/>\n<meta property=\"og:locale\" content=\"cs_CZ\" \/>\n<meta property=\"og:type\" content=\"article\" \/>\n<meta property=\"og:title\" content=\"Kreativn\u00ed sada (DIY Scrunchie) - R\u016f\u017eov\u00e1 - Pipishop\" \/>\n<meta property=\"og:description\" content=\"Kreativn\u00ed sada na v\u00fdrobu 2 gumi\u010dek ze 100% bavlny pro v\u0161echny, kter\u00e9 bav\u00ed tvo\u0159en\u00ed. \u0160ijeme s l\u00e1skou - Pipishop.\" \/>\n<meta property=\"og:url\" content=\"https:\/\/www.pipishop.cz\/index.php\/produkt\/kreativni-sada-diy-scrunchie-ruzova\/\" \/>\n<meta property=\"og:site_name\" content=\"Pipishop\" \/>\n<meta property=\"article:modified_time\" content=\"2024-04-03T04:06:11+00:00\" \/>\n<meta property=\"og:image\" content=\"https:\/\/www.pipishop.cz\/wp-content\/uploads\/2021\/10\/20210914_131137-1-scaled.jpg\" \/>\n\t<meta property=\"og:image:width\" content=\"2560\" \/>\n\t<meta property=\"og:image:height\" content=\"1211\" \/>\n\t<meta property=\"og:image:type\" content=\"image\/jpeg\" \/>\n<meta name=\"twitter:card\" content=\"summary_large_image\" \/>\n<script type=\"application\/ld+json\" class=\"yoast-schema-graph\">{\"@context\":\"https:\/\/schema.org\",\"@graph\":[{\"@type\":\"WebPage\",\"@id\":\"https:\/\/www.pipishop.cz\/index.php\/produkt\/kreativni-sada-diy-scrunchie-ruzova\/\",\"url\":\"https:\/\/www.pipishop.cz\/index.php\/produkt\/kreativni-sada-diy-scrunchie-ruzova\/\",\"name\":\"Kreativn\u00ed sada (DIY Scrunchie) - R\u016f\u017eov\u00e1 - Pipishop\",\"isPartOf\":{\"@id\":\"https:\/\/www.pipishop.cz\/#website\"},\"datePublished\":\"2021-10-26T09:56:33+00:00\",\"dateModified\":\"2024-04-03T04:06:11+00:00\",\"description\":\"Kreativn\u00ed sada na v\u00fdrobu 2 gumi\u010dek ze 100% bavlny pro v\u0161echny, kter\u00e9 bav\u00ed tvo\u0159en\u00ed. \u0160ijeme s l\u00e1skou - Pipishop.\",\"breadcrumb\":{\"@id\":\"https:\/\/www.pipishop.cz\/index.php\/produkt\/kreativni-sada-diy-scrunchie-ruzova\/#breadcrumb\"},\"inLanguage\":\"cs\",\"potentialAction\":[{\"@type\":\"ReadAction\",\"target\":[\"https:\/\/www.pipishop.cz\/index.php\/produkt\/kreativni-sada-diy-scrunchie-ruzova\/\"]}]},{\"@type\":\"BreadcrumbList\",\"@id\":\"https:\/\/www.pipishop.cz\/index.php\/produkt\/kreativni-sada-diy-scrunchie-ruzova\/#breadcrumb\",\"itemListElement\":[{\"@type\":\"ListItem\",\"position\":1,\"name\":\"Dom\u016f\",\"item\":\"https:\/\/www.pipishop.cz\/\"},{\"@type\":\"ListItem\",\"position\":2,\"name\":\"Eshop\",\"item\":\"https:\/\/www.pipishop.cz\/index.php\/obchod\/\"},{\"@type\":\"ListItem\",\"position\":3,\"name\":\"Kreativn\u00ed sada (DIY Scrunchie) &#8211; R\u016f\u017eov\u00e1\"}]},{\"@type\":\"WebSite\",\"@id\":\"https:\/\/www.pipishop.cz\/#website\",\"url\":\"https:\/\/www.pipishop.cz\/\",\"name\":\"Pipishop\",\"description\":\"Prodej gumi\u010dek do vlas\u016f a jin\u00fdch u\u0161it\u00fdch dopl\u0148k\u016f\",\"publisher\":{\"@id\":\"https:\/\/www.pipishop.cz\/#organization\"},\"potentialAction\":[{\"@type\":\"SearchAction\",\"target\":{\"@type\":\"EntryPoint\",\"urlTemplate\":\"https:\/\/www.pipishop.cz\/?s={search_term_string}\"},\"query-input\":\"required name=search_term_string\"}],\"inLanguage\":\"cs\"},{\"@type\":\"Organization\",\"@id\":\"https:\/\/www.pipishop.cz\/#organization\",\"name\":\"Pipishop\",\"url\":\"https:\/\/www.pipishop.cz\/\",\"logo\":{\"@type\":\"ImageObject\",\"inLanguage\":\"cs\",\"@id\":\"https:\/\/www.pipishop.cz\/#\/schema\/logo\/image\/\",\"url\":\"https:\/\/www.pipishop.cz\/wp-content\/uploads\/2021\/10\/cropped-cropped-pipi-logo-s-panenkou.png\",\"contentUrl\":\"https:\/\/www.pipishop.cz\/wp-content\/uploads\/2021\/10\/cropped-cropped-pipi-logo-s-panenkou.png\",\"width\":259,\"height\":259,\"caption\":\"Pipishop\"},\"image\":{\"@id\":\"https:\/\/www.pipishop.cz\/#\/schema\/logo\/image\/\"}}]}<\/script>\n<!-- \/ Yoast SEO plugin. -->","yoast_head_json":{"title":"Kreativn\u00ed sada (DIY Scrunchie) - R\u016f\u017eov\u00e1 - Pipishop","description":"Kreativn\u00ed sada na v\u00fdrobu 2 gumi\u010dek ze 100% bavlny pro v\u0161echny, kter\u00e9 bav\u00ed tvo\u0159en\u00ed. \u0160ijeme s l\u00e1skou - Pipishop.","robots":{"index":"index","follow":"follow","max-snippet":"max-snippet:-1","max-image-preview":"max-image-preview:large","max-video-preview":"max-video-preview:-1"},"canonical":"https:\/\/www.pipishop.cz\/index.php\/produkt\/kreativni-sada-diy-scrunchie-ruzova\/","og_locale":"cs_CZ","og_type":"article","og_title":"Kreativn\u00ed sada (DIY Scrunchie) - R\u016f\u017eov\u00e1 - Pipishop","og_description":"Kreativn\u00ed sada na v\u00fdrobu 2 gumi\u010dek ze 100% bavlny pro v\u0161echny, kter\u00e9 bav\u00ed tvo\u0159en\u00ed. \u0160ijeme s l\u00e1skou - Pipishop.","og_url":"https:\/\/www.pipishop.cz\/index.php\/produkt\/kreativni-sada-diy-scrunchie-ruzova\/","og_site_name":"Pipishop","article_modified_time":"2024-04-03T04:06:11+00:00","og_image":[{"width":2560,"height":1211,"url":"https:\/\/www.pipishop.cz\/wp-content\/uploads\/2021\/10\/20210914_131137-1-scaled.jpg","type":"image\/jpeg"}],"twitter_card":"summary_large_image","schema":{"@context":"https:\/\/schema.org","@graph":[{"@type":"WebPage","@id":"https:\/\/www.pipishop.cz\/index.php\/produkt\/kreativni-sada-diy-scrunchie-ruzova\/","url":"https:\/\/www.pipishop.cz\/index.php\/produkt\/kreativni-sada-diy-scrunchie-ruzova\/","name":"Kreativn\u00ed sada (DIY Scrunchie) - R\u016f\u017eov\u00e1 - Pipishop","isPartOf":{"@id":"https:\/\/www.pipishop.cz\/#website"},"datePublished":"2021-10-26T09:56:33+00:00","dateModified":"2024-04-03T04:06:11+00:00","description":"Kreativn\u00ed sada na v\u00fdrobu 2 gumi\u010dek ze 100% bavlny pro v\u0161echny, kter\u00e9 bav\u00ed tvo\u0159en\u00ed. \u0160ijeme s l\u00e1skou - Pipishop.","breadcrumb":{"@id":"https:\/\/www.pipishop.cz\/index.php\/produkt\/kreativni-sada-diy-scrunchie-ruzova\/#breadcrumb"},"inLanguage":"cs","potentialAction":[{"@type":"ReadAction","target":["https:\/\/www.pipishop.cz\/index.php\/produkt\/kreativni-sada-diy-scrunchie-ruzova\/"]}]},{"@type":"BreadcrumbList","@id":"https:\/\/www.pipishop.cz\/index.php\/produkt\/kreativni-sada-diy-scrunchie-ruzova\/#breadcrumb","itemListElement":[{"@type":"ListItem","position":1,"name":"Dom\u016f","item":"https:\/\/www.pipishop.cz\/"},{"@type":"ListItem","position":2,"name":"Eshop","item":"https:\/\/www.pipishop.cz\/index.php\/obchod\/"},{"@type":"ListItem","position":3,"name":"Kreativn\u00ed sada (DIY Scrunchie) &#8211; R\u016f\u017eov\u00e1"}]},{"@type":"WebSite","@id":"https:\/\/www.pipishop.cz\/#website","url":"https:\/\/www.pipishop.cz\/","name":"Pipishop","description":"Prodej gumi\u010dek do vlas\u016f a jin\u00fdch u\u0161it\u00fdch dopl\u0148k\u016f","publisher":{"@id":"https:\/\/www.pipishop.cz\/#organization"},"potentialAction":[{"@type":"SearchAction","target":{"@type":"EntryPoint","urlTemplate":"https:\/\/www.pipishop.cz\/?s={search_term_string}"},"query-input":"required name=search_term_string"}],"inLanguage":"cs"},{"@type":"Organization","@id":"https:\/\/www.pipishop.cz\/#organization","name":"Pipishop","url":"https:\/\/www.pipishop.cz\/","logo":{"@type":"ImageObject","inLanguage":"cs","@id":"https:\/\/www.pipishop.cz\/#\/schema\/logo\/image\/","url":"https:\/\/www.pipishop.cz\/wp-content\/uploads\/2021\/10\/cropped-cropped-pipi-logo-s-panenkou.png","contentUrl":"https:\/\/www.pipishop.cz\/wp-content\/uploads\/2021\/10\/cropped-cropped-pipi-logo-s-panenkou.png","width":259,"height":259,"caption":"Pipishop"},"image":{"@id":"https:\/\/www.pipishop.cz\/#\/schema\/logo\/image\/"}}]}},"jetpack_sharing_enabled":true,"_links":{"self":[{"href":"https:\/\/www.pipishop.cz\/index.php\/wp-json\/wp\/v2\/product\/162"}],"collection":[{"href":"https:\/\/www.pipishop.cz\/index.php\/wp-json\/wp\/v2\/product"}],"about":[{"href":"https:\/\/www.pipishop.cz\/index.php\/wp-json\/wp\/v2\/types\/product"}],"replies":[{"embeddable":true,"href":"https:\/\/www.pipishop.cz\/index.php\/wp-json\/wp\/v2\/comments?post=162"}],"wp:featuredmedia":[{"embeddable":true,"href":"https:\/\/www.pipishop.cz\/index.php\/wp-json\/wp\/v2\/media\/163"}],"wp:attachment":[{"href":"https:\/\/www.pipishop.cz\/index.php\/wp-json\/wp\/v2\/media?parent=162"}],"wp:term":[{"taxonomy":"product_cat","embeddable":true,"href":"https:\/\/www.pipishop.cz\/index.php\/wp-json\/wp\/v2\/product_cat?post=162"},{"taxonomy":"product_tag","embeddable":true,"href":"https:\/\/www.pipishop.cz\/index.php\/wp-json\/wp\/v2\/product_tag?post=162"}],"curies":[{"name":"wp","href":"https:\/\/api.w.org\/{rel}","templated":true}]}}