{"id":289,"date":"2021-11-02T10:43:18","date_gmt":"2021-11-02T10:43:18","guid":{"rendered":"https:\/\/www.pipishop.cz\/?post_type=product&#038;p=289"},"modified":"2025-10-29T10:07:06","modified_gmt":"2025-10-29T10:07:06","slug":"xxl-gumicka-scrunchie-ruzova-metalicka","status":"publish","type":"product","link":"https:\/\/www.pipishop.cz\/index.php\/produkt\/xxl-gumicka-scrunchie-ruzova-metalicka\/","title":{"rendered":"XXL Gumi\u010dka (Scrunchie) &#8211; r\u016f\u017eov\u00e1 metalick\u00e1"},"content":{"rendered":"<p style=\"background: white; margin: 0cm 0cm 18.65pt 0cm;\"><strong><span style=\"font-family: 'Arial',sans-serif; color: #616161;\">Hladk\u00e1 leskl\u00e1 XXL gumi\u010dka (scrunchie)<\/span><\/strong><span style=\"font-family: 'Arial',sans-serif; color: #616161;\">\u00a0kr\u00e1sn\u011b ozdob\u00ed vlasy v\u0161ech barev. Je velmi elastick\u00e1 d\u00edky v\u0161it\u00e9 pru\u017eence. Gumi\u010dku m\u016f\u017eete vyu\u017e\u00edt pro ka\u017edodenn\u00ed no\u0161en\u00ed, p\u0159i sportovn\u00edch aktivit\u00e1ch i ke slavnostn\u00edm ud\u00e1lostem.<\/span><\/p>\n","protected":false},"excerpt":{"rendered":"<p>XXL gumi\u010dka (scrunchie) v metalick\u00e9 r\u016f\u017eov\u00e9 barv\u011b.<br \/>\nMateri\u00e1l: leskl\u00fd krep sat\u00e9n (100% polyester)<\/p>\n","protected":false},"featured_media":290,"comment_status":"open","ping_status":"closed","template":"","meta":[],"product_cat":[19],"product_tag":[20,24,22,25,26,23,27],"yoast_head":"<!-- This site is optimized with the Yoast SEO plugin v21.5 - https:\/\/yoast.com\/wordpress\/plugins\/seo\/ -->\n<title>XXL Gumi\u010dka (Scrunchie) - r\u016f\u017eov\u00e1 metalick\u00e1 - Pipishop<\/title>\n<meta name=\"description\" content=\"XXL gumi\u010dka (scrunchie) v metalick\u00e9 r\u016f\u017eov\u00e9 barv\u011b. Materi\u00e1l: leskl\u00fd krep sat\u00e9n (100% polyester). \u0160ijeme s l\u00e1skou - Pipishop.\" \/>\n<meta name=\"robots\" content=\"index, follow, max-snippet:-1, max-image-preview:large, max-video-preview:-1\" \/>\n<link rel=\"canonical\" href=\"https:\/\/www.pipishop.cz\/index.php\/produkt\/xxl-gumicka-scrunchie-ruzova-metalicka\/\" \/>\n<meta property=\"og:locale\" content=\"cs_CZ\" \/>\n<meta property=\"og:type\" content=\"article\" \/>\n<meta property=\"og:title\" content=\"XXL Gumi\u010dka (Scrunchie) - r\u016f\u017eov\u00e1 metalick\u00e1 - Pipishop\" \/>\n<meta property=\"og:description\" content=\"XXL gumi\u010dka (scrunchie) v metalick\u00e9 r\u016f\u017eov\u00e9 barv\u011b. Materi\u00e1l: leskl\u00fd krep sat\u00e9n (100% polyester). \u0160ijeme s l\u00e1skou - Pipishop.\" \/>\n<meta property=\"og:url\" content=\"https:\/\/www.pipishop.cz\/index.php\/produkt\/xxl-gumicka-scrunchie-ruzova-metalicka\/\" \/>\n<meta property=\"og:site_name\" content=\"Pipishop\" \/>\n<meta property=\"article:modified_time\" content=\"2025-10-29T10:07:06+00:00\" \/>\n<meta property=\"og:image\" content=\"https:\/\/www.pipishop.cz\/wp-content\/uploads\/2021\/11\/20211101_134029-rotated.jpg\" \/>\n\t<meta property=\"og:image:width\" content=\"1764\" \/>\n\t<meta property=\"og:image:height\" content=\"1763\" \/>\n\t<meta property=\"og:image:type\" content=\"image\/jpeg\" \/>\n<meta name=\"twitter:card\" content=\"summary_large_image\" \/>\n<meta name=\"twitter:label1\" content=\"Odhadovan\u00e1 doba \u010dten\u00ed\" \/>\n\t<meta name=\"twitter:data1\" content=\"1 minuta\" \/>\n<script type=\"application\/ld+json\" class=\"yoast-schema-graph\">{\"@context\":\"https:\/\/schema.org\",\"@graph\":[{\"@type\":\"WebPage\",\"@id\":\"https:\/\/www.pipishop.cz\/index.php\/produkt\/xxl-gumicka-scrunchie-ruzova-metalicka\/\",\"url\":\"https:\/\/www.pipishop.cz\/index.php\/produkt\/xxl-gumicka-scrunchie-ruzova-metalicka\/\",\"name\":\"XXL Gumi\u010dka (Scrunchie) - r\u016f\u017eov\u00e1 metalick\u00e1 - Pipishop\",\"isPartOf\":{\"@id\":\"https:\/\/www.pipishop.cz\/#website\"},\"datePublished\":\"2021-11-02T10:43:18+00:00\",\"dateModified\":\"2025-10-29T10:07:06+00:00\",\"description\":\"XXL gumi\u010dka (scrunchie) v metalick\u00e9 r\u016f\u017eov\u00e9 barv\u011b. Materi\u00e1l: leskl\u00fd krep sat\u00e9n (100% polyester). \u0160ijeme s l\u00e1skou - Pipishop.\",\"breadcrumb\":{\"@id\":\"https:\/\/www.pipishop.cz\/index.php\/produkt\/xxl-gumicka-scrunchie-ruzova-metalicka\/#breadcrumb\"},\"inLanguage\":\"cs\",\"potentialAction\":[{\"@type\":\"ReadAction\",\"target\":[\"https:\/\/www.pipishop.cz\/index.php\/produkt\/xxl-gumicka-scrunchie-ruzova-metalicka\/\"]}]},{\"@type\":\"BreadcrumbList\",\"@id\":\"https:\/\/www.pipishop.cz\/index.php\/produkt\/xxl-gumicka-scrunchie-ruzova-metalicka\/#breadcrumb\",\"itemListElement\":[{\"@type\":\"ListItem\",\"position\":1,\"name\":\"Dom\u016f\",\"item\":\"https:\/\/www.pipishop.cz\/\"},{\"@type\":\"ListItem\",\"position\":2,\"name\":\"Eshop\",\"item\":\"https:\/\/www.pipishop.cz\/index.php\/obchod\/\"},{\"@type\":\"ListItem\",\"position\":3,\"name\":\"XXL Gumi\u010dka (Scrunchie) &#8211; r\u016f\u017eov\u00e1 metalick\u00e1\"}]},{\"@type\":\"WebSite\",\"@id\":\"https:\/\/www.pipishop.cz\/#website\",\"url\":\"https:\/\/www.pipishop.cz\/\",\"name\":\"Pipishop\",\"description\":\"Prodej gumi\u010dek do vlas\u016f a jin\u00fdch u\u0161it\u00fdch dopl\u0148k\u016f\",\"publisher\":{\"@id\":\"https:\/\/www.pipishop.cz\/#organization\"},\"potentialAction\":[{\"@type\":\"SearchAction\",\"target\":{\"@type\":\"EntryPoint\",\"urlTemplate\":\"https:\/\/www.pipishop.cz\/?s={search_term_string}\"},\"query-input\":\"required name=search_term_string\"}],\"inLanguage\":\"cs\"},{\"@type\":\"Organization\",\"@id\":\"https:\/\/www.pipishop.cz\/#organization\",\"name\":\"Pipishop\",\"url\":\"https:\/\/www.pipishop.cz\/\",\"logo\":{\"@type\":\"ImageObject\",\"inLanguage\":\"cs\",\"@id\":\"https:\/\/www.pipishop.cz\/#\/schema\/logo\/image\/\",\"url\":\"https:\/\/www.pipishop.cz\/wp-content\/uploads\/2021\/10\/cropped-cropped-pipi-logo-s-panenkou.png\",\"contentUrl\":\"https:\/\/www.pipishop.cz\/wp-content\/uploads\/2021\/10\/cropped-cropped-pipi-logo-s-panenkou.png\",\"width\":259,\"height\":259,\"caption\":\"Pipishop\"},\"image\":{\"@id\":\"https:\/\/www.pipishop.cz\/#\/schema\/logo\/image\/\"}}]}<\/script>\n<!-- \/ Yoast SEO plugin. -->","yoast_head_json":{"title":"XXL Gumi\u010dka (Scrunchie) - r\u016f\u017eov\u00e1 metalick\u00e1 - Pipishop","description":"XXL gumi\u010dka (scrunchie) v metalick\u00e9 r\u016f\u017eov\u00e9 barv\u011b. Materi\u00e1l: leskl\u00fd krep sat\u00e9n (100% polyester). \u0160ijeme s l\u00e1skou - Pipishop.","robots":{"index":"index","follow":"follow","max-snippet":"max-snippet:-1","max-image-preview":"max-image-preview:large","max-video-preview":"max-video-preview:-1"},"canonical":"https:\/\/www.pipishop.cz\/index.php\/produkt\/xxl-gumicka-scrunchie-ruzova-metalicka\/","og_locale":"cs_CZ","og_type":"article","og_title":"XXL Gumi\u010dka (Scrunchie) - r\u016f\u017eov\u00e1 metalick\u00e1 - Pipishop","og_description":"XXL gumi\u010dka (scrunchie) v metalick\u00e9 r\u016f\u017eov\u00e9 barv\u011b. Materi\u00e1l: leskl\u00fd krep sat\u00e9n (100% polyester). \u0160ijeme s l\u00e1skou - Pipishop.","og_url":"https:\/\/www.pipishop.cz\/index.php\/produkt\/xxl-gumicka-scrunchie-ruzova-metalicka\/","og_site_name":"Pipishop","article_modified_time":"2025-10-29T10:07:06+00:00","og_image":[{"width":1764,"height":1763,"url":"https:\/\/www.pipishop.cz\/wp-content\/uploads\/2021\/11\/20211101_134029-rotated.jpg","type":"image\/jpeg"}],"twitter_card":"summary_large_image","twitter_misc":{"Odhadovan\u00e1 doba \u010dten\u00ed":"1 minuta"},"schema":{"@context":"https:\/\/schema.org","@graph":[{"@type":"WebPage","@id":"https:\/\/www.pipishop.cz\/index.php\/produkt\/xxl-gumicka-scrunchie-ruzova-metalicka\/","url":"https:\/\/www.pipishop.cz\/index.php\/produkt\/xxl-gumicka-scrunchie-ruzova-metalicka\/","name":"XXL Gumi\u010dka (Scrunchie) - r\u016f\u017eov\u00e1 metalick\u00e1 - Pipishop","isPartOf":{"@id":"https:\/\/www.pipishop.cz\/#website"},"datePublished":"2021-11-02T10:43:18+00:00","dateModified":"2025-10-29T10:07:06+00:00","description":"XXL gumi\u010dka (scrunchie) v metalick\u00e9 r\u016f\u017eov\u00e9 barv\u011b. Materi\u00e1l: leskl\u00fd krep sat\u00e9n (100% polyester). \u0160ijeme s l\u00e1skou - Pipishop.","breadcrumb":{"@id":"https:\/\/www.pipishop.cz\/index.php\/produkt\/xxl-gumicka-scrunchie-ruzova-metalicka\/#breadcrumb"},"inLanguage":"cs","potentialAction":[{"@type":"ReadAction","target":["https:\/\/www.pipishop.cz\/index.php\/produkt\/xxl-gumicka-scrunchie-ruzova-metalicka\/"]}]},{"@type":"BreadcrumbList","@id":"https:\/\/www.pipishop.cz\/index.php\/produkt\/xxl-gumicka-scrunchie-ruzova-metalicka\/#breadcrumb","itemListElement":[{"@type":"ListItem","position":1,"name":"Dom\u016f","item":"https:\/\/www.pipishop.cz\/"},{"@type":"ListItem","position":2,"name":"Eshop","item":"https:\/\/www.pipishop.cz\/index.php\/obchod\/"},{"@type":"ListItem","position":3,"name":"XXL Gumi\u010dka (Scrunchie) &#8211; r\u016f\u017eov\u00e1 metalick\u00e1"}]},{"@type":"WebSite","@id":"https:\/\/www.pipishop.cz\/#website","url":"https:\/\/www.pipishop.cz\/","name":"Pipishop","description":"Prodej gumi\u010dek do vlas\u016f a jin\u00fdch u\u0161it\u00fdch dopl\u0148k\u016f","publisher":{"@id":"https:\/\/www.pipishop.cz\/#organization"},"potentialAction":[{"@type":"SearchAction","target":{"@type":"EntryPoint","urlTemplate":"https:\/\/www.pipishop.cz\/?s={search_term_string}"},"query-input":"required name=search_term_string"}],"inLanguage":"cs"},{"@type":"Organization","@id":"https:\/\/www.pipishop.cz\/#organization","name":"Pipishop","url":"https:\/\/www.pipishop.cz\/","logo":{"@type":"ImageObject","inLanguage":"cs","@id":"https:\/\/www.pipishop.cz\/#\/schema\/logo\/image\/","url":"https:\/\/www.pipishop.cz\/wp-content\/uploads\/2021\/10\/cropped-cropped-pipi-logo-s-panenkou.png","contentUrl":"https:\/\/www.pipishop.cz\/wp-content\/uploads\/2021\/10\/cropped-cropped-pipi-logo-s-panenkou.png","width":259,"height":259,"caption":"Pipishop"},"image":{"@id":"https:\/\/www.pipishop.cz\/#\/schema\/logo\/image\/"}}]}},"jetpack_sharing_enabled":true,"_links":{"self":[{"href":"https:\/\/www.pipishop.cz\/index.php\/wp-json\/wp\/v2\/product\/289"}],"collection":[{"href":"https:\/\/www.pipishop.cz\/index.php\/wp-json\/wp\/v2\/product"}],"about":[{"href":"https:\/\/www.pipishop.cz\/index.php\/wp-json\/wp\/v2\/types\/product"}],"replies":[{"embeddable":true,"href":"https:\/\/www.pipishop.cz\/index.php\/wp-json\/wp\/v2\/comments?post=289"}],"wp:featuredmedia":[{"embeddable":true,"href":"https:\/\/www.pipishop.cz\/index.php\/wp-json\/wp\/v2\/media\/290"}],"wp:attachment":[{"href":"https:\/\/www.pipishop.cz\/index.php\/wp-json\/wp\/v2\/media?parent=289"}],"wp:term":[{"taxonomy":"product_cat","embeddable":true,"href":"https:\/\/www.pipishop.cz\/index.php\/wp-json\/wp\/v2\/product_cat?post=289"},{"taxonomy":"product_tag","embeddable":true,"href":"https:\/\/www.pipishop.cz\/index.php\/wp-json\/wp\/v2\/product_tag?post=289"}],"curies":[{"name":"wp","href":"https:\/\/api.w.org\/{rel}","templated":true}]}}